{"id":23,"date":"2021-04-08T08:36:32","date_gmt":"2021-04-08T08:36:32","guid":{"rendered":"http:\/\/hoteljaegerhofrestaurant.de\/?page_id=23"},"modified":"2026-01-12T22:29:53","modified_gmt":"2026-01-12T22:29:53","slug":"gourmetdressing","status":"publish","type":"page","link":"https:\/\/www.jaegerhof-hotel.com\/en\/gourmetdressing","title":{"rendered":"Gourmet Dressing"},"content":{"rendered":"<div data-elementor-type=\"wp-page\" data-elementor-id=\"23\" class=\"elementor elementor-23\" data-elementor-post-type=\"page\">\n\t\t\t\t\t\t<section class=\"elementor-section elementor-top-section elementor-element elementor-element-4f68651 elementor-section-stretched elementor-section-full_width elementor-section-height-min-height elementor-hidden-phone elementor-section-height-default elementor-section-items-middle\" data-id=\"4f68651\" data-element_type=\"section\" data-e-type=\"section\" data-settings=\"{&quot;stretch_section&quot;:&quot;section-stretched&quot;,&quot;background_background&quot;:&quot;classic&quot;}\">\n\t\t\t\t\t\t\t<div class=\"elementor-background-overlay\"><\/div>\n\t\t\t\t\t\t\t<div class=\"elementor-container elementor-column-gap-default\">\n\t\t\t\t\t<div class=\"elementor-column elementor-col-100 elementor-top-column elementor-element elementor-element-7b732ae\" data-id=\"7b732ae\" data-element_type=\"column\" data-e-type=\"column\">\n\t\t\t<div class=\"elementor-widget-wrap\">\n\t\t\t\t\t\t\t<\/div>\n\t\t<\/div>\n\t\t\t\t\t<\/div>\n\t\t<\/section>\n\t\t\t\t<section class=\"elementor-section elementor-top-section elementor-element elementor-element-457764db elementor-section-content-middle elementor-reverse-mobile elementor-section-stretched elementor-section-boxed elementor-section-height-default elementor-section-height-default\" data-id=\"457764db\" data-element_type=\"section\" data-e-type=\"section\" data-settings=\"{&quot;stretch_section&quot;:&quot;section-stretched&quot;}\">\n\t\t\t\t\t\t<div class=\"elementor-container elementor-column-gap-default\">\n\t\t\t\t\t<div class=\"elementor-column elementor-col-50 elementor-top-column elementor-element elementor-element-24102b4d\" data-id=\"24102b4d\" data-element_type=\"column\" data-e-type=\"column\">\n\t\t\t<div class=\"elementor-widget-wrap elementor-element-populated\">\n\t\t\t\t\t\t<div class=\"elementor-element elementor-element-2fe38078 elementor-widget elementor-widget-heading\" data-id=\"2fe38078\" data-element_type=\"widget\" data-e-type=\"widget\" data-widget_type=\"heading.default\">\n\t\t\t\t<div class=\"elementor-widget-container\">\n\t\t\t\t\t<h3 class=\"elementor-heading-title elementor-size-default\">Gourmet Dressing<\/h3>\t\t\t\t<\/div>\n\t\t\t\t<\/div>\n\t\t\t\t<div class=\"elementor-element elementor-element-1b85ec18 elementor-widget elementor-widget-text-editor\" data-id=\"1b85ec18\" data-element_type=\"widget\" data-e-type=\"widget\" data-widget_type=\"text-editor.default\">\n\t\t\t\t<div class=\"elementor-widget-container\">\n\t\t\t\t\t\t\t\t\t<span style=\"color: #333300;\"><span style=\"font-family: tahoma, arial, helvetica, sans-serif;\"><\/span><span style=\"color: #333300;\"><span style=\"font-family: tahoma, arial, helvetica, sans-serif;\">Our homemade dressing is homemade consists of only the best ingredients from various European countries, blended with craftsmanship. The combination of ingredients and the elaborate preparation creates a unique rich creamy vinegar-oil combination that is perfect for adding to salads.<\/span><span style=\"color: #333300;\"><span style=\"font-family: tahoma, arial, helvetica, sans-serif;\"> This emulsion<\/span><span style=\"color: #333300;\"><span style=\"font-family: tahoma, arial, helvetica, sans-serif;\"> is largely preserved during storage\u00a0\u00a0<\/span><\/span>\t\t\t\t\t\t\t\t<\/div>\n\t\t\t\t<\/div>\n\t\t\t\t\t<\/div>\n\t\t<\/div>\n\t\t\t\t<div class=\"elementor-column elementor-col-50 elementor-top-column elementor-element elementor-element-241e59b3\" data-id=\"241e59b3\" data-element_type=\"column\" data-e-type=\"column\">\n\t\t\t<div class=\"elementor-widget-wrap elementor-element-populated\">\n\t\t\t\t\t\t<div class=\"elementor-element elementor-element-2cf69e64 elementor-widget elementor-widget-image\" data-id=\"2cf69e64\" data-element_type=\"widget\" data-e-type=\"widget\" loading=\"lazy\" data-widget_type=\"image.default\">\n\t\t\t\t<div class=\"elementor-widget-container\">\n\t\t\t\t\t\t\t\t\t\t\t\t\t\t\t<img fetchpriority=\"high\" decoding=\"async\" width=\"1500\" height=\"1000\" src=\"https:\/\/www.jaegerhof-hotel.com\/wp-content\/uploads\/2021\/04\/Dressing_8925_low-res-1.jpg\" class=\"attachment-full size-full wp-image-273\" alt=\"\" srcset=\"https:\/\/www.jaegerhof-hotel.com\/wp-content\/uploads\/2021\/04\/Dressing_8925_low-res-1.jpg 1500w, https:\/\/www.jaegerhof-hotel.com\/wp-content\/uploads\/2021\/04\/Dressing_8925_low-res-1-300x200.jpg 300w, https:\/\/www.jaegerhof-hotel.com\/wp-content\/uploads\/2021\/04\/Dressing_8925_low-res-1-1024x683.jpg 1024w, https:\/\/www.jaegerhof-hotel.com\/wp-content\/uploads\/2021\/04\/Dressing_8925_low-res-1-768x512.jpg 768w\" sizes=\"(max-width: 1500px) 100vw, 1500px\" \/>\t\t\t\t\t\t\t\t\t\t\t\t\t\t\t<\/div>\n\t\t\t\t<\/div>\n\t\t\t\t\t<\/div>\n\t\t<\/div>\n\t\t\t\t\t<\/div>\n\t\t<\/section>\n\t\t\t\t<section class=\"elementor-section elementor-top-section elementor-element elementor-element-1ee22028 elementor-section-content-middle elementor-section-stretched elementor-section-boxed elementor-section-height-default elementor-section-height-default\" data-id=\"1ee22028\" data-element_type=\"section\" data-e-type=\"section\" data-settings=\"{&quot;stretch_section&quot;:&quot;section-stretched&quot;}\">\n\t\t\t\t\t\t<div class=\"elementor-container elementor-column-gap-default\">\n\t\t\t\t\t<div class=\"elementor-column elementor-col-50 elementor-top-column elementor-element elementor-element-6caee387\" data-id=\"6caee387\" data-element_type=\"column\" data-e-type=\"column\">\n\t\t\t<div class=\"elementor-widget-wrap elementor-element-populated\">\n\t\t\t\t\t\t<div class=\"elementor-element elementor-element-76ff333b elementor-widget elementor-widget-image\" data-id=\"76ff333b\" data-element_type=\"widget\" data-e-type=\"widget\" loading=\"lazy\" data-widget_type=\"image.default\">\n\t\t\t\t<div class=\"elementor-widget-container\">\n\t\t\t\t\t\t\t\t\t\t\t\t\t\t\t<img decoding=\"async\" width=\"1200\" height=\"800\" src=\"https:\/\/www.jaegerhof-hotel.com\/wp-content\/uploads\/2021\/04\/Dressing_01.jpg\" class=\"attachment-full size-full wp-image-334\" alt=\"\" srcset=\"https:\/\/www.jaegerhof-hotel.com\/wp-content\/uploads\/2021\/04\/Dressing_01.jpg 1200w, https:\/\/www.jaegerhof-hotel.com\/wp-content\/uploads\/2021\/04\/Dressing_01-300x200.jpg 300w, https:\/\/www.jaegerhof-hotel.com\/wp-content\/uploads\/2021\/04\/Dressing_01-1024x683.jpg 1024w, https:\/\/www.jaegerhof-hotel.com\/wp-content\/uploads\/2021\/04\/Dressing_01-768x512.jpg 768w\" sizes=\"(max-width: 1200px) 100vw, 1200px\" \/>\t\t\t\t\t\t\t\t\t\t\t\t\t\t\t<\/div>\n\t\t\t\t<\/div>\n\t\t\t\t\t<\/div>\n\t\t<\/div>\n\t\t\t\t<div class=\"elementor-column elementor-col-50 elementor-top-column elementor-element elementor-element-36139688\" data-id=\"36139688\" data-element_type=\"column\" data-e-type=\"column\">\n\t\t\t<div class=\"elementor-widget-wrap elementor-element-populated\">\n\t\t\t\t\t\t<div class=\"elementor-element elementor-element-65007838 elementor-widget elementor-widget-heading\" data-id=\"65007838\" data-element_type=\"widget\" data-e-type=\"widget\" data-widget_type=\"heading.default\">\n\t\t\t\t<div class=\"elementor-widget-container\">\n\t\t\t\t\t<h3 class=\"elementor-heading-title elementor-size-default\">Our Dressing Trio<\/h3>\t\t\t\t<\/div>\n\t\t\t\t<\/div>\n\t\t\t\t<div class=\"elementor-element elementor-element-6515deab elementor-widget elementor-widget-text-editor\" data-id=\"6515deab\" data-element_type=\"widget\" data-e-type=\"widget\" data-widget_type=\"text-editor.default\">\n\t\t\t\t<div class=\"elementor-widget-container\">\n\t\t\t\t\t\t\t\t\t<ul><li style=\"text-align: left;\"><span style=\"color: #333300;\"><span style=\"font-family: tahoma, arial, helvetica, sans-serif;\">\u201eOriginal\u201c \/ 6 \u20ac<\/span><\/span><\/li><li style=\"text-align: left;\"><span style=\"color: #333300;\"><span style=\"font-family: tahoma, arial, helvetica, sans-serif;\"> \u201eLemon Tree\u201c \/<\/span><span style=\"color: #333300;\"><span style=\"font-family: tahoma, arial, helvetica, sans-serif;\"> 7 \u20ac<\/span><\/span><\/span><\/li><li style=\"text-align: left;\"><span style=\"color: #333300;\"><span style=\"font-family: tahoma, arial, helvetica, sans-serif;\">\u201ePurple Dream\u201c \/ 7 \u20ac<\/span><\/span><\/li><\/ul><p><span style=\"color: #333300;\"><span style=\"font-family: tahoma, arial, helvetica, sans-serif;\">Our dressings are available in 250ml bottles.<\/span><\/span><\/p>\t\t\t\t\t\t\t\t<\/div>\n\t\t\t\t<\/div>\n\t\t\t\t<section class=\"elementor-section elementor-inner-section elementor-element elementor-element-8da410a elementor-section-boxed elementor-section-height-default elementor-section-height-default\" data-id=\"8da410a\" data-element_type=\"section\" data-e-type=\"section\">\n\t\t\t\t\t\t<div class=\"elementor-container elementor-column-gap-default\">\n\t\t\t\t\t<div class=\"elementor-column elementor-col-50 elementor-inner-column elementor-element elementor-element-9de2251\" data-id=\"9de2251\" data-element_type=\"column\" data-e-type=\"column\">\n\t\t\t<div class=\"elementor-widget-wrap elementor-element-populated\">\n\t\t\t\t\t\t<div class=\"elementor-element elementor-element-121eb20 elementor-align-left elementor-mobile-align-center elementor-widget elementor-widget-button\" data-id=\"121eb20\" data-element_type=\"widget\" data-e-type=\"widget\" data-widget_type=\"button.default\">\n\t\t\t\t<div class=\"elementor-widget-container\">\n\t\t\t\t\t\t\t\t\t<div class=\"elementor-button-wrapper\">\n\t\t\t\t\t<a class=\"elementor-button elementor-button-link elementor-size-md\" href=\"mailto:info@jaegerhof-hotel.com\">\n\t\t\t\t\t\t<span class=\"elementor-button-content-wrapper\">\n\t\t\t\t\t\t<span class=\"elementor-button-icon\">\n\t\t\t\t<i aria-hidden=\"true\" class=\"far fa-envelope\"><\/i>\t\t\t<\/span>\n\t\t\t\t\t\t\t\t\t<span class=\"elementor-button-text\">via e-mail<\/span>\n\t\t\t\t\t<\/span>\n\t\t\t\t\t<\/a>\n\t\t\t\t<\/div>\n\t\t\t\t\t\t\t\t<\/div>\n\t\t\t\t<\/div>\n\t\t\t\t\t<\/div>\n\t\t<\/div>\n\t\t\t\t<div class=\"elementor-column elementor-col-50 elementor-inner-column elementor-element elementor-element-778b67f\" data-id=\"778b67f\" data-element_type=\"column\" data-e-type=\"column\">\n\t\t\t<div class=\"elementor-widget-wrap elementor-element-populated\">\n\t\t\t\t\t\t<div class=\"elementor-element elementor-element-b2057ba elementor-align-left elementor-mobile-align-center elementor-widget elementor-widget-button\" data-id=\"b2057ba\" data-element_type=\"widget\" data-e-type=\"widget\" data-widget_type=\"button.default\">\n\t\t\t\t<div class=\"elementor-widget-container\">\n\t\t\t\t\t\t\t\t\t<div class=\"elementor-button-wrapper\">\n\t\t\t\t\t<a class=\"elementor-button elementor-button-link elementor-size-md\" href=\"tel:+4991357170\">\n\t\t\t\t\t\t<span class=\"elementor-button-content-wrapper\">\n\t\t\t\t\t\t<span class=\"elementor-button-icon\">\n\t\t\t\t<i aria-hidden=\"true\" class=\"fas fa-phone\"><\/i>\t\t\t<\/span>\n\t\t\t\t\t\t\t\t\t<span class=\"elementor-button-text\">via telephone<\/span>\n\t\t\t\t\t<\/span>\n\t\t\t\t\t<\/a>\n\t\t\t\t<\/div>\n\t\t\t\t\t\t\t\t<\/div>\n\t\t\t\t<\/div>\n\t\t\t\t\t<\/div>\n\t\t<\/div>\n\t\t\t\t\t<\/div>\n\t\t<\/section>\n\t\t\t\t\t<\/div>\n\t\t<\/div>\n\t\t\t\t\t<\/div>\n\t\t<\/section>\n\t\t\t\t<section class=\"elementor-section elementor-top-section elementor-element elementor-element-a4f72d2 elementor-section-content-middle elementor-reverse-mobile elementor-section-stretched elementor-section-boxed elementor-section-height-default elementor-section-height-default\" data-id=\"a4f72d2\" data-element_type=\"section\" data-e-type=\"section\" data-settings=\"{&quot;stretch_section&quot;:&quot;section-stretched&quot;}\">\n\t\t\t\t\t\t<div class=\"elementor-container elementor-column-gap-default\">\n\t\t\t\t\t<div class=\"elementor-column elementor-col-50 elementor-top-column elementor-element elementor-element-77467a8\" data-id=\"77467a8\" data-element_type=\"column\" data-e-type=\"column\">\n\t\t\t<div class=\"elementor-widget-wrap elementor-element-populated\">\n\t\t\t\t\t\t<div class=\"elementor-element elementor-element-d454be0 elementor-widget elementor-widget-heading\" data-id=\"d454be0\" data-element_type=\"widget\" data-e-type=\"widget\" data-widget_type=\"heading.default\">\n\t\t\t\t<div class=\"elementor-widget-container\">\n\t\t\t\t\t<h3 class=\"elementor-heading-title elementor-size-default\">Available to buy here<\/h3>\t\t\t\t<\/div>\n\t\t\t\t<\/div>\n\t\t\t\t<div class=\"elementor-element elementor-element-bc59023 elementor-widget elementor-widget-text-editor\" data-id=\"bc59023\" data-element_type=\"widget\" data-e-type=\"widget\" data-widget_type=\"text-editor.default\">\n\t\t\t\t<div class=\"elementor-widget-container\">\n\t\t\t\t\t\t\t\t\t<p class=\"font_7\"><span style=\"color: #333300;\"><span style=\"font-family: tahoma, arial, helvetica, sans-serif;\"><strong>J\u00e4gerhof Hotel &amp; Restaurant<\/strong><br \/><\/span><\/span><span style=\"color: #333300;\"><span style=\"font-family: tahoma, arial, helvetica, sans-serif;\">Auracher Bergstra\u00dfe 2<br \/>D-91085 Weisendorf\u00a0\u00a0\u00a0\u00a0\u00a0<\/span><\/span><\/p><p class=\"font_7\"><span style=\"color: #333300;\"><span style=\"font-family: tahoma, arial, helvetica, sans-serif;\"><strong>Metzgerei Zink<\/strong><br \/>Hauptstra\u00dfe 1<br \/>D-91085 Weisendorf\u00a0\u00a0\u00a0\u00a0\u00a0<\/span><\/span><\/p><p class=\"font_7\"><span style=\"color: #333300;\"><span style=\"font-family: tahoma, arial, helvetica, sans-serif;\"><strong>Lohhofer Obstmarkt<\/strong><br \/>von-Hauck-Str. 33<br \/>91074 Herzogenaurach<\/span><\/span><\/p>\t\t\t\t\t\t\t\t<\/div>\n\t\t\t\t<\/div>\n\t\t\t\t\t<\/div>\n\t\t<\/div>\n\t\t\t\t<div class=\"elementor-column elementor-col-50 elementor-top-column elementor-element elementor-element-e278b91\" data-id=\"e278b91\" data-element_type=\"column\" data-e-type=\"column\">\n\t\t\t<div class=\"elementor-widget-wrap elementor-element-populated\">\n\t\t\t\t\t\t<div class=\"elementor-element elementor-element-8bd665a elementor-widget elementor-widget-image\" data-id=\"8bd665a\" data-element_type=\"widget\" data-e-type=\"widget\" loading=\"lazy\" data-widget_type=\"image.default\">\n\t\t\t\t<div class=\"elementor-widget-container\">\n\t\t\t\t\t\t\t\t\t\t\t\t\t\t\t<img decoding=\"async\" width=\"1200\" height=\"800\" src=\"https:\/\/www.jaegerhof-hotel.com\/wp-content\/uploads\/2021\/04\/Garnelen_Feige-1.jpg\" class=\"attachment-full size-full wp-image-404\" alt=\"\" srcset=\"https:\/\/www.jaegerhof-hotel.com\/wp-content\/uploads\/2021\/04\/Garnelen_Feige-1.jpg 1200w, https:\/\/www.jaegerhof-hotel.com\/wp-content\/uploads\/2021\/04\/Garnelen_Feige-1-300x200.jpg 300w, https:\/\/www.jaegerhof-hotel.com\/wp-content\/uploads\/2021\/04\/Garnelen_Feige-1-1024x683.jpg 1024w, https:\/\/www.jaegerhof-hotel.com\/wp-content\/uploads\/2021\/04\/Garnelen_Feige-1-768x512.jpg 768w\" sizes=\"(max-width: 1200px) 100vw, 1200px\" \/>\t\t\t\t\t\t\t\t\t\t\t\t\t\t\t<\/div>\n\t\t\t\t<\/div>\n\t\t\t\t\t<\/div>\n\t\t<\/div>\n\t\t\t\t\t<\/div>\n\t\t<\/section>\n\t\t\t\t<section class=\"elementor-section elementor-top-section elementor-element elementor-element-d03433a elementor-section-boxed elementor-section-height-default elementor-section-height-default\" data-id=\"d03433a\" data-element_type=\"section\" data-e-type=\"section\">\n\t\t\t\t\t\t<div class=\"elementor-container elementor-column-gap-default\">\n\t\t\t\t\t<div class=\"elementor-column elementor-col-100 elementor-top-column elementor-element elementor-element-cdaea03\" data-id=\"cdaea03\" data-element_type=\"column\" data-e-type=\"column\">\n\t\t\t<div class=\"elementor-widget-wrap elementor-element-populated\">\n\t\t\t\t\t\t<div class=\"elementor-element elementor-element-15bdf41 elementor-widget elementor-widget-spacer\" data-id=\"15bdf41\" data-element_type=\"widget\" data-e-type=\"widget\" data-widget_type=\"spacer.default\">\n\t\t\t\t<div class=\"elementor-widget-container\">\n\t\t\t\t\t\t\t<div class=\"elementor-spacer\">\n\t\t\t<div class=\"elementor-spacer-inner\"><\/div>\n\t\t<\/div>\n\t\t\t\t\t\t<\/div>\n\t\t\t\t<\/div>\n\t\t\t\t\t<\/div>\n\t\t<\/div>\n\t\t\t\t\t<\/div>\n\t\t<\/section>\n\t\t\t\t<\/div>","protected":false},"excerpt":{"rendered":"<p>Gourmet Dressing Das Dressing ist hausgemacht und besteht nur aus besten Zutaten verschiedener L\u00e4nder Europas, die mit handwerklichem Geschick verarbeitet werden. Aus der Kombination der Zutaten sowie durch die aufwendige Verarbeitung ergibt sich eine einmalige s\u00e4mige Crema einer Essig-\u00d6l-Verbindung, die sich optimal auf dem Salat verteilen l\u00e4sst. Diese Emulsion bleibt weitgehend bei der Lagerung erhalten.\u00a0\u00a0 [&hellip;]<\/p>\n","protected":false},"author":1,"featured_media":0,"parent":0,"menu_order":0,"comment_status":"closed","ping_status":"closed","template":"","meta":{"_monsterinsights_skip_tracking":false,"_monsterinsights_sitenote_active":false,"_monsterinsights_sitenote_note":"","_monsterinsights_sitenote_category":0,"ocean_post_layout":"","ocean_both_sidebars_style":"","ocean_both_sidebars_content_width":0,"ocean_both_sidebars_sidebars_width":0,"ocean_sidebar":"0","ocean_second_sidebar":"0","ocean_disable_margins":"on","ocean_add_body_class":"","ocean_shortcode_before_top_bar":"","ocean_shortcode_after_top_bar":"","ocean_shortcode_before_header":"","ocean_shortcode_after_header":"","ocean_has_shortcode":"","ocean_shortcode_after_title":"","ocean_shortcode_before_footer_widgets":"","ocean_shortcode_after_footer_widgets":"","ocean_shortcode_before_footer_bottom":"","ocean_shortcode_after_footer_bottom":"","ocean_display_top_bar":"default","ocean_display_header":"default","ocean_header_style":"","ocean_center_header_left_menu":"0","ocean_custom_header_template":"0","ocean_custom_logo":0,"ocean_custom_retina_logo":0,"ocean_custom_logo_max_width":0,"ocean_custom_logo_tablet_max_width":0,"ocean_custom_logo_mobile_max_width":0,"ocean_custom_logo_max_height":0,"ocean_custom_logo_tablet_max_height":0,"ocean_custom_logo_mobile_max_height":0,"ocean_header_custom_menu":"0","ocean_menu_typo_font_family":"0","ocean_menu_typo_font_subset":"","ocean_menu_typo_font_size":0,"ocean_menu_typo_font_size_tablet":0,"ocean_menu_typo_font_size_mobile":0,"ocean_menu_typo_font_size_unit":"px","ocean_menu_typo_font_weight":"","ocean_menu_typo_font_weight_tablet":"","ocean_menu_typo_font_weight_mobile":"","ocean_menu_typo_transform":"","ocean_menu_typo_transform_tablet":"","ocean_menu_typo_transform_mobile":"","ocean_menu_typo_line_height":0,"ocean_menu_typo_line_height_tablet":0,"ocean_menu_typo_line_height_mobile":0,"ocean_menu_typo_line_height_unit":"","ocean_menu_typo_spacing":0,"ocean_menu_typo_spacing_tablet":0,"ocean_menu_typo_spacing_mobile":0,"ocean_menu_typo_spacing_unit":"","ocean_menu_link_color":"","ocean_menu_link_color_hover":"","ocean_menu_link_color_active":"","ocean_menu_link_background":"","ocean_menu_link_hover_background":"","ocean_menu_link_active_background":"","ocean_menu_social_links_bg":"","ocean_menu_social_hover_links_bg":"","ocean_menu_social_links_color":"","ocean_menu_social_hover_links_color":"","ocean_disable_title":"default","ocean_disable_heading":"default","ocean_post_title":"","ocean_post_subheading":"","ocean_post_title_style":"","ocean_post_title_background_color":"","ocean_post_title_background":0,"ocean_post_title_bg_image_position":"","ocean_post_title_bg_image_attachment":"","ocean_post_title_bg_image_repeat":"","ocean_post_title_bg_image_size":"","ocean_post_title_height":0,"ocean_post_title_bg_overlay":0.5,"ocean_post_title_bg_overlay_color":"","ocean_disable_breadcrumbs":"default","ocean_breadcrumbs_color":"","ocean_breadcrumbs_separator_color":"","ocean_breadcrumbs_links_color":"","ocean_breadcrumbs_links_hover_color":"","ocean_display_footer_widgets":"default","ocean_display_footer_bottom":"default","ocean_custom_footer_template":"0","footnotes":""},"class_list":["post-23","page","type-page","status-publish","hentry","entry"],"_links":{"self":[{"href":"https:\/\/www.jaegerhof-hotel.com\/en\/wp-json\/wp\/v2\/pages\/23","targetHints":{"allow":["GET"]}}],"collection":[{"href":"https:\/\/www.jaegerhof-hotel.com\/en\/wp-json\/wp\/v2\/pages"}],"about":[{"href":"https:\/\/www.jaegerhof-hotel.com\/en\/wp-json\/wp\/v2\/types\/page"}],"author":[{"embeddable":true,"href":"https:\/\/www.jaegerhof-hotel.com\/en\/wp-json\/wp\/v2\/users\/1"}],"replies":[{"embeddable":true,"href":"https:\/\/www.jaegerhof-hotel.com\/en\/wp-json\/wp\/v2\/comments?post=23"}],"version-history":[{"count":105,"href":"https:\/\/www.jaegerhof-hotel.com\/en\/wp-json\/wp\/v2\/pages\/23\/revisions"}],"predecessor-version":[{"id":2040,"href":"https:\/\/www.jaegerhof-hotel.com\/en\/wp-json\/wp\/v2\/pages\/23\/revisions\/2040"}],"wp:attachment":[{"href":"https:\/\/www.jaegerhof-hotel.com\/en\/wp-json\/wp\/v2\/media?parent=23"}],"curies":[{"name":"wp","href":"https:\/\/api.w.org\/{rel}","templated":true}]}}