{"id":2,"date":"2021-04-07T15:03:09","date_gmt":"2021-04-07T15:03:09","guid":{"rendered":"http:\/\/hoteljaegerhofrestaurant.de\/?page_id=2"},"modified":"2021-05-27T10:47:06","modified_gmt":"2021-05-27T10:47:06","slug":"impressum","status":"publish","type":"page","link":"https:\/\/www.jaegerhof-hotel.com\/en\/impressum","title":{"rendered":"Imprint"},"content":{"rendered":"<div data-elementor-type=\"wp-page\" data-elementor-id=\"2\" class=\"elementor elementor-2\" data-elementor-post-type=\"page\">\n\t\t\t\t\t\t<section class=\"elementor-section elementor-top-section elementor-element elementor-element-13e2f84 elementor-section-full_width elementor-section-height-default elementor-section-height-default\" data-id=\"13e2f84\" data-element_type=\"section\" data-e-type=\"section\">\n\t\t\t\t\t\t<div class=\"elementor-container elementor-column-gap-default\">\n\t\t\t\t\t<div class=\"elementor-column elementor-col-100 elementor-top-column elementor-element elementor-element-a8af5a7\" data-id=\"a8af5a7\" data-element_type=\"column\" data-e-type=\"column\">\n\t\t\t<div class=\"elementor-widget-wrap elementor-element-populated\">\n\t\t\t\t\t\t<div class=\"elementor-element elementor-element-f26f769 elementor-widget elementor-widget-heading\" data-id=\"f26f769\" data-element_type=\"widget\" data-e-type=\"widget\" data-widget_type=\"heading.default\">\n\t\t\t\t<div class=\"elementor-widget-container\">\n\t\t\t\t\t<h2 class=\"elementor-heading-title elementor-size-default\">Imprint<\/h2>\t\t\t\t<\/div>\n\t\t\t\t<\/div>\n\t\t\t\t\t<\/div>\n\t\t<\/div>\n\t\t\t\t\t<\/div>\n\t\t<\/section>\n\t\t\t\t<section class=\"elementor-section elementor-top-section elementor-element elementor-element-7e4b975a elementor-section-boxed elementor-section-height-default elementor-section-height-default\" data-id=\"7e4b975a\" data-element_type=\"section\" data-e-type=\"section\">\n\t\t\t\t\t\t<div class=\"elementor-container elementor-column-gap-default\">\n\t\t\t\t\t<div class=\"elementor-column elementor-col-100 elementor-top-column elementor-element elementor-element-95c21f9\" data-id=\"95c21f9\" data-element_type=\"column\" data-e-type=\"column\">\n\t\t\t<div class=\"elementor-widget-wrap elementor-element-populated\">\n\t\t\t\t\t\t<div class=\"elementor-element elementor-element-6b9f1799 elementor-widget elementor-widget-text-editor\" data-id=\"6b9f1799\" data-element_type=\"widget\" data-e-type=\"widget\" data-widget_type=\"text-editor.default\">\n\t\t\t\t<div class=\"elementor-widget-container\">\n\t\t\t\t\t\t\t\t\t<h6><span style=\"color: #333300;\"><span style=\"font-family: tahoma, arial, helvetica, sans-serif;\">Information according to \u00a7 <\/span><\/span><span style=\"color: #333300;\"><span style=\"font-family: tahoma, arial, helvetica, sans-serif;\">5 TMG<\/span><\/span><span style=\"color: #333300;\"><span style=\"font-family: tahoma, arial, helvetica, sans-serif;\">:<\/span><\/span><\/h6><p><span style=\"color: #333300;\"><span style=\"font-family: tahoma, arial, helvetica, sans-serif;\">J\u00f6rg Zink (Owner)<\/span><br \/>J\u00c4GERHOF HOTEL &amp; RESTAURANT<\/span><br \/>Auracher Bergstra\u00dfe 2<br \/>91085 Weisendorf<\/p><h6><span style=\"color: #333300;\"><span style=\"font-family: tahoma, arial, helvetica, sans-serif;\">Contact:<\/span><\/span><\/h6><p><span style=\"color: #333300;\"><span style=\"font-family: tahoma, arial, helvetica, sans-serif;\">cPhone: +49 (0)9135 717-0<\/span><br \/><span style=\"color: #333300;\"><span style=\"font-family: tahoma, arial, helvetica, sans-serif;\">Fax: +49 (0)9135 717-444<\/span><br \/><span style=\"color: #333300;\"><span style=\"font-family: tahoma, arial, helvetica, sans-serif;\">E-Mail:\u00a0<span style=\"text-decoration: underline;\"><a style=\"text-decoration: underline;\" href=\"mailto:info@jaegerhof-hotel.com\" target=\"_self\">info@jaegerhof-hotel.com<\/a><\/span><\/span><\/span><\/span><\/span><\/p><h6><span style=\"color: #333300;\"><span style=\"font-family: tahoma, arial, helvetica, sans-serif;\">VAT:<\/span><\/span><\/h6><p><span style=\"color: #333300;\"><span style=\"font-family: tahoma, arial, helvetica, sans-serif;\">VAT identification number according to \u00a727 a Umsatzsteuergesetz:<\/span><br \/><span style=\"color: #333300;\"><span style=\"font-family: tahoma, arial, helvetica, sans-serif;\">DE229332238<\/span><\/span><\/span><\/p><h6><span style=\"color: #333300;\"><span style=\"font-family: tahoma, arial, helvetica, sans-serif;\">Dispute settlement:<\/span><\/span><\/h6><p><span style=\"color: #333300;\"><span style=\"font-family: tahoma, arial, helvetica, sans-serif;\">The European Commission provides a platform for online dispute resolution (ODR):<a href=\"https:\/\/ec.europa.eu\/consumers\/odr\" target=\"_blank\" rel=\"noopener\"><br \/><span style=\"text-decoration: underline;\"><span style=\"text-decoration: underline;\">https:\/\/ec.europa.eu\/consumers\/odr<\/span><\/span><\/a><\/span><br \/><span style=\"color: #333300;\"><span style=\"font-family: tahoma, arial, helvetica, sans-serif;\">You can find our e-mail address in the imprint above.<\/span><\/span><\/span><\/p><p><span style=\"color: #333300;\"><span style=\"font-family: tahoma, arial, helvetica, sans-serif;\">We are not willing or obliged to participate in dispute resolution proceedings before a consumer arbitration board.<\/span><\/span><\/p><h6><span style=\"color: #333300;\"><span style=\"font-family: tahoma, arial, helvetica, sans-serif;\">Source references for the images and graphics used:<\/span><\/span><\/h6><ul><li><span style=\"color: #333300;\"><span style=\"font-family: tahoma, arial, helvetica, sans-serif;\">\u00a9 Dan Morar &#8211; Fotolia.com<\/span><\/span><\/li><li><span style=\"color: #333300;\"><span style=\"font-family: tahoma, arial, helvetica, sans-serif;\">\u00a9 Africa Studio &#8211; Fotolia.com<\/span><\/span><\/li><li><span style=\"color: #333300;\"><span style=\"font-family: tahoma, arial, helvetica, sans-serif;\">\u00a9 Sven R\u00f6dig &#8211; www.bilderbube.de<\/span><\/span><\/li><li><span style=\"color: #333300;\"><span style=\"font-family: tahoma, arial, helvetica, sans-serif;\">\u00a9 <\/span>Copyright 2021 \u2013 OceanWP Theme by Nic<\/span><\/li><\/ul><h6><span style=\"color: #333300;\"><span style=\"font-family: tahoma, arial, helvetica, sans-serif;\">Liability for contents:<\/span><\/span><\/h6><p><span style=\"color: #333300;\"><span style=\"font-family: tahoma, arial, helvetica, sans-serif;\">As a service provider, we are responsible for our own content on these pages in accordance with general legislation pursuant to Section 7 (1) of the German Telemedia Act (TMG). However, according to \u00a7\u00a7 8 to 10 TMG, we are not obliged as a service provider to monitor transmitted or stored third-party information or to investigate circumstances that indicate illegal activity.<\/span><\/span><\/p><p><span style=\"color: #333300;\"><span style=\"font-family: tahoma, arial, helvetica, sans-serif;\">Obligations to remove or block the use of information in accordance with general laws remain unaffected by this. However, liability in this regard is only possible from the time of knowledge of a concrete infringement. If we become aware of corresponding infringements, we will remove this content immediately.<\/span><\/span><\/p><h6><span style=\"color: #333300;\"><span style=\"font-family: tahoma, arial, helvetica, sans-serif;\">Liability for links:<\/span><\/span><\/h6><p><span style=\"color: #333300;\"><span style=\"font-family: tahoma, arial, helvetica, sans-serif;\">Our offer contains links to external websites of third parties, on whose contents we have no influence. Therefore, we cannot assume any liability for these external contents. The respective provider or operator of the pages is always responsible for the content of the linked pages. The linked pages were checked for possible legal violations at the time of linking. Illegal contents were not recognisable at the time of linking.<\/span><\/span><\/p><p>However, a permanent control of the contents of the linked pages is not reasonable without concrete evidence of a violation of the law. If we become aware of any infringements of the law, we will remove such links immediately.<\/p><h6><span style=\"color: #333300;\"><span style=\"font-family: tahoma, arial, helvetica, sans-serif;\">Copyright:<\/span><\/span><\/h6><p><span style=\"color: #333300;\"><span style=\"font-family: tahoma, arial, helvetica, sans-serif;\">The content and works created by the site operators on these pages are subject to German copyright law. Duplication, processing, distribution and any kind of exploitation outside the limits of copyright law require the written consent of the respective author or creator. Downloads and copies of this site are only permitted for private, non-commercial use.<\/span><\/span><\/p><p><span style=\"color: #333300;\"><span style=\"font-family: tahoma, arial, helvetica, sans-serif;\">Insofar as the content on this page was not created by the operator, the copyrights of third parties are respected. In particular, third-party content is identified as such. Should you nevertheless become aware of a copyright infringement, please inform us accordingly. If we become aware of any infringements, we will remove such content immediately.<\/span><\/span><\/p>\t\t\t\t\t\t\t\t<\/div>\n\t\t\t\t<\/div>\n\t\t\t\t\t<\/div>\n\t\t<\/div>\n\t\t\t\t\t<\/div>\n\t\t<\/section>\n\t\t\t\t<\/div>","protected":false},"excerpt":{"rendered":"<p>Impressum Angaben gem\u00e4\u00df \u00a7 5 TMG: J\u00f6rg Zink (Inhaber)J\u00c4GERHOF HOTEL &amp; RESTAURANTAuracher Bergstra\u00dfe 291085 Weisendorf Kontakt: Telefon: +49 (0)9135 717-0Telefax: +49 (0)9135 717-444E-Mail:\u00a0info@jaegerhof-hotel.com Umsatzsteuer: Umsatzsteuer-Identifikationsnummer gem\u00e4\u00df \u00a727 a Umsatzsteuergesetz:DE229332238 Streitschlichtung: Die Europ\u00e4ische Kommission stellt eine Plattform zur Online-Streitbeilegung (OS) bereit:https:\/\/ec.europa.eu\/consumers\/odrUnsere E-Mail-Adresse finden Sie oben im Impressum. Wir sind nicht bereit oder verpflichtet, an Streitbeilegungsverfahren vor [&hellip;]<\/p>\n","protected":false},"author":1,"featured_media":0,"parent":0,"menu_order":0,"comment_status":"closed","ping_status":"closed","template":"","meta":{"_monsterinsights_skip_tracking":false,"_monsterinsights_sitenote_active":false,"_monsterinsights_sitenote_note":"","_monsterinsights_sitenote_category":0,"ocean_post_layout":"","ocean_both_sidebars_style":"","ocean_both_sidebars_content_width":0,"ocean_both_sidebars_sidebars_width":0,"ocean_sidebar":"0","ocean_second_sidebar":"0","ocean_disable_margins":"on","ocean_add_body_class":"","ocean_shortcode_before_top_bar":"","ocean_shortcode_after_top_bar":"","ocean_shortcode_before_header":"","ocean_shortcode_after_header":"","ocean_has_shortcode":"","ocean_shortcode_after_title":"","ocean_shortcode_before_footer_widgets":"","ocean_shortcode_after_footer_widgets":"","ocean_shortcode_before_footer_bottom":"","ocean_shortcode_after_footer_bottom":"","ocean_display_top_bar":"default","ocean_display_header":"default","ocean_header_style":"","ocean_center_header_left_menu":"0","ocean_custom_header_template":"0","ocean_custom_logo":0,"ocean_custom_retina_logo":0,"ocean_custom_logo_max_width":0,"ocean_custom_logo_tablet_max_width":0,"ocean_custom_logo_mobile_max_width":0,"ocean_custom_logo_max_height":0,"ocean_custom_logo_tablet_max_height":0,"ocean_custom_logo_mobile_max_height":0,"ocean_header_custom_menu":"0","ocean_menu_typo_font_family":"0","ocean_menu_typo_font_subset":"","ocean_menu_typo_font_size":0,"ocean_menu_typo_font_size_tablet":0,"ocean_menu_typo_font_size_mobile":0,"ocean_menu_typo_font_size_unit":"px","ocean_menu_typo_font_weight":"","ocean_menu_typo_font_weight_tablet":"","ocean_menu_typo_font_weight_mobile":"","ocean_menu_typo_transform":"","ocean_menu_typo_transform_tablet":"","ocean_menu_typo_transform_mobile":"","ocean_menu_typo_line_height":0,"ocean_menu_typo_line_height_tablet":0,"ocean_menu_typo_line_height_mobile":0,"ocean_menu_typo_line_height_unit":"","ocean_menu_typo_spacing":0,"ocean_menu_typo_spacing_tablet":0,"ocean_menu_typo_spacing_mobile":0,"ocean_menu_typo_spacing_unit":"","ocean_menu_link_color":"","ocean_menu_link_color_hover":"","ocean_menu_link_color_active":"","ocean_menu_link_background":"","ocean_menu_link_hover_background":"","ocean_menu_link_active_background":"","ocean_menu_social_links_bg":"","ocean_menu_social_hover_links_bg":"","ocean_menu_social_links_color":"","ocean_menu_social_hover_links_color":"","ocean_disable_title":"default","ocean_disable_heading":"default","ocean_post_title":"","ocean_post_subheading":"","ocean_post_title_style":"","ocean_post_title_background_color":"","ocean_post_title_background":0,"ocean_post_title_bg_image_position":"","ocean_post_title_bg_image_attachment":"","ocean_post_title_bg_image_repeat":"","ocean_post_title_bg_image_size":"","ocean_post_title_height":0,"ocean_post_title_bg_overlay":0.5,"ocean_post_title_bg_overlay_color":"","ocean_disable_breadcrumbs":"default","ocean_breadcrumbs_color":"","ocean_breadcrumbs_separator_color":"","ocean_breadcrumbs_links_color":"","ocean_breadcrumbs_links_hover_color":"","ocean_display_footer_widgets":"default","ocean_display_footer_bottom":"default","ocean_custom_footer_template":"0","footnotes":""},"class_list":["post-2","page","type-page","status-publish","hentry","entry"],"_links":{"self":[{"href":"https:\/\/www.jaegerhof-hotel.com\/en\/wp-json\/wp\/v2\/pages\/2","targetHints":{"allow":["GET"]}}],"collection":[{"href":"https:\/\/www.jaegerhof-hotel.com\/en\/wp-json\/wp\/v2\/pages"}],"about":[{"href":"https:\/\/www.jaegerhof-hotel.com\/en\/wp-json\/wp\/v2\/types\/page"}],"author":[{"embeddable":true,"href":"https:\/\/www.jaegerhof-hotel.com\/en\/wp-json\/wp\/v2\/users\/1"}],"replies":[{"embeddable":true,"href":"https:\/\/www.jaegerhof-hotel.com\/en\/wp-json\/wp\/v2\/comments?post=2"}],"version-history":[{"count":20,"href":"https:\/\/www.jaegerhof-hotel.com\/en\/wp-json\/wp\/v2\/pages\/2\/revisions"}],"predecessor-version":[{"id":1091,"href":"https:\/\/www.jaegerhof-hotel.com\/en\/wp-json\/wp\/v2\/pages\/2\/revisions\/1091"}],"wp:attachment":[{"href":"https:\/\/www.jaegerhof-hotel.com\/en\/wp-json\/wp\/v2\/media?parent=2"}],"curies":[{"name":"wp","href":"https:\/\/api.w.org\/{rel}","templated":true}]}}